{"id":7,"date":"2015-12-04T02:08:28","date_gmt":"2015-12-04T02:08:28","guid":{"rendered":"http:\/\/theme-fusion.com\/avada\/construction\/?page_id=7"},"modified":"2022-04-22T09:19:47","modified_gmt":"2022-04-22T09:19:47","slug":"about","status":"publish","type":"page","link":"https:\/\/www.diacomdiamondtools.com\/de\/about\/","title":{"rendered":"&Uuml;ber"},"content":{"rendered":"<div class=\"fusion-fullwidth fullwidth-box fusion-builder-row-1 fusion-flex-container nonhundred-percent-fullwidth non-hundred-percent-height-scrolling\" style=\"background-color: rgba(255,255,255,0);background-position: center center;background-repeat: no-repeat;border-width: 0px 0px 0px 0px;border-color:#eae9e9;border-style:solid;\" ><div class=\"fusion-builder-row fusion-row fusion-flex-align-items-flex-start\" style=\"max-width:1487.2px;margin-left: calc(-4% \/ 2 );margin-right: calc(-4% \/ 2 );\"><div class=\"fusion-layout-column fusion_builder_column fusion-builder-column-0 fusion_builder_column_1_4 1_4 fusion-flex-column fusion-flex-align-self-center\"><div class=\"fusion-column-wrapper fusion-flex-justify-content-center fusion-content-layout-column\" style=\"background-position:left top;background-repeat:no-repeat;-webkit-background-size:cover;-moz-background-size:cover;-o-background-size:cover;background-size:cover;padding: 20px 20px 20px 20px;\"><div ><span class=\"fusion-imageframe imageframe-none imageframe-1 hover-type-none\"><img decoding=\"async\" width=\"1210\" height=\"1143\" title=\"2103_Diacom_TulpInSteen farblich abgestuft\" src=\"https:\/\/www.diacomdiamondtools.com\/wp-content\/uploads\/2022\/04\/2103_Diacom_TulpInSteen-color-graded.png\" data-orig-src=\"https:\/\/www.diacomdiamondtools.com\/wp-content\/uploads\/2022\/04\/2103_Diacom_TulpInSteen-color-graded.png\" class=\"lazyload img-responsive wp-image-2073\" srcset=\"data:image\/svg+xml,%3Csvg%20xmlns%3D%27http%3A%2F%2Fwww.w3.org%2F2000%2Fsvg%27%20width%3D%271210%27%20height%3D%271143%27%20viewBox%3D%270%200%201210%201143%27%3E%3Crect%20width%3D%271210%27%20height%3D%2731143%27%20fill-opacity%3D%220%22%2F%3E%3C%2Fsvg%3E\" data-srcset=\"https:\/\/www.diacomdiamondtools.com\/wp-content\/uploads\/2022\/04\/2103_Diacom_TulpInSteen-color-graded-200x189.png 200w, https:\/\/www.diacomdiamondtools.com\/wp-content\/uploads\/2022\/04\/2103_Diacom_TulpInSteen-color-graded-400x378.png 400w, https:\/\/www.diacomdiamondtools.com\/wp-content\/uploads\/2022\/04\/2103_Diacom_TulpInSteen-color-graded-600x567.png 600w, https:\/\/www.diacomdiamondtools.com\/wp-content\/uploads\/2022\/04\/2103_Diacom_TulpInSteen-color-graded-800x756.png 800w, https:\/\/www.diacomdiamondtools.com\/wp-content\/uploads\/2022\/04\/2103_Diacom_TulpInSteen-color-graded-1200x1134.png 1200w, https:\/\/www.diacomdiamondtools.com\/wp-content\/uploads\/2022\/04\/2103_Diacom_TulpInSteen-color-graded.png 1210w\" data-sizes=\"auto\" data-orig-sizes=\"(max-width: 1024px) 100vw, (max-width: 640px) 100vw, 400px\" \/><\/span><\/div><\/div><\/div><style type=\"text\/css\">.fusion-body .fusion-builder-column-0{width:25% !important;margin-top : 0px;margin-bottom : 0px;}.fusion-builder-column-0 > .fusion-column-wrapper {padding-top : 20 !important;padding-right : 20 !important;margin-right : 7.68%;padding-bottom : 20 !important;padding-left : 20 !important;margin-left : 7.68%;}@media only screen and (max-width:1024px) {.fusion-body .fusion-builder-column-0{width:100% !important;order : 0;}.fusion-builder-column-0 > .fusion-column-wrapper {margin-right : 1.92%;margin-left : 1.92%;}}@media only screen and (max-width:640px) {.fusion-body .fusion-builder-column-0{width:100% !important;order : 0;}.fusion-builder-column-0 > .fusion-column-wrapper {margin-right : 1.92%;margin-left : 1.92%;}}<\/style><div class=\"fusion-layout-column fusion_builder_column fusion-builder-column-1 fusion_builder_column_3_4 3_4 fusion-flex-column\"><div class=\"fusion-column-wrapper fusion-flex-justify-content-flex-start fusion-content-layout-column\" style=\"background-position:left top;background-repeat:no-repeat;-webkit-background-size:cover;-moz-background-size:cover;-o-background-size:cover;background-size:cover;padding: 0px 15% 0px 15%;\"><style type=\"text\/css\">@media only screen and (max-width:1024px) {.fusion-title.fusion-title-1{margin-top:20px!important;margin-bottom:15px!important;}}<\/style><div class=\"fusion-title title fusion-title-1 fusion-sep-none fusion-title-center fusion-title-text fusion-title-size-one\" style=\"margin-top:20px;margin-bottom:15px;\"><h1 class=\"title-heading-center\" style=\"margin:0;\">\u00dcber Diacom<\/h1><\/div><div class=\"fusion-separator fusion-full-width-sep\" style=\"align-self: center;margin-left: auto;margin-right: auto;margin-bottom:20px;width:100%;\"><div class=\"fusion-separator-border sep-single\" style=\"border-color:#1c4681;border-top-width:2px;\"><\/div><\/div><div class=\"fusion-text fusion-text-1\" style=\"transform:translate3d(0,0,0);\"><p>Diacom mit Sitz in Hoofddorp, Niederlande, wurde 1979 gegr\u00fcndet. Diacom hat sich auf dem Markt f\u00fcr Diamantwerkzeuge etabliert und konzentriert sich insbesondere auf spezialisierte Unternehmen, die t\u00e4glich in Beton bohren und s\u00e4gen. Unser Team ist auf 25 Personen angewachsen und hat in den letzten 40 Jahren viel Erfahrung und Wissen gesammelt. Das bedeutet, dass wir in allen Situationen helfen und Sie bei komplexen Arbeiten und Anpassungen beraten k\u00f6nnen.<\/p>\n<p>Diacom stellt die meisten Diamond-Produkte in unserer eigenen Fabrik in den Niederlanden her. Auf diese Weise haben wir die Kontrolle \u00fcber den gesamten Produktionsprozess und k\u00f6nnen die Zuverl\u00e4ssigkeit und Langlebigkeit jedes Werkzeugs, Segments oder Zubeh\u00f6rs garantieren.<\/p>\n<p>Wir bieten auch den h\u00f6chstm\u00f6glichen Service-Level. Das bedeutet, dass Sie sich auf eine schnelle Lieferung und qualitativ hochwertige Produkte verlassen k\u00f6nnen. Dar\u00fcber hinaus sch\u00e4tzt Diacom Ihr Vertrauen sehr. Wir halten unsere Versprechen und sind offen und klar in unserer Kommunikation.<\/p>\n<\/div><\/div><\/div><style type=\"text\/css\">.fusion-body .fusion-builder-column-1{width:75% !important;margin-top : 0px;margin-bottom : 0px;}.fusion-builder-column-1 > .fusion-column-wrapper {padding-top : 0px !important;padding-right : 15% !important;margin-right : 2.56%;padding-bottom : 0px !important;padding-left : 15% !important;margin-left : 2.56%;}@media only screen and (max-width:1024px) {.fusion-body .fusion-builder-column-1{width:100% !important;order : 0;}.fusion-builder-column-1 > .fusion-column-wrapper {margin-right : 1.92%;margin-left : 1.92%;}}@media only screen and (max-width:640px) {.fusion-body .fusion-builder-column-1{width:100% !important;order : 0;}.fusion-builder-column-1 > .fusion-column-wrapper {margin-right : 1.92%;margin-left : 1.92%;}}<\/style><\/div><style type=\"text\/css\">.fusion-body .fusion-flex-container.fusion-builder-row-1{ padding-top : 0px;margin-top : 0px;padding-right : 0px;padding-bottom : 0px;margin-bottom : 0px;padding-left : 0px;}<\/style><\/div>","protected":false},"excerpt":{"rendered":"","protected":false},"author":1,"featured_media":0,"parent":0,"menu_order":0,"comment_status":"closed","ping_status":"closed","template":"100-width.php","meta":{"_acf_changed":false,"footnotes":""},"class_list":["post-7","page","type-page","status-publish","hentry"],"acf":[],"jetpack_sharing_enabled":true,"_links":{"self":[{"href":"https:\/\/www.diacomdiamondtools.com\/de\/wp-json\/wp\/v2\/pages\/7","targetHints":{"allow":["GET"]}}],"collection":[{"href":"https:\/\/www.diacomdiamondtools.com\/de\/wp-json\/wp\/v2\/pages"}],"about":[{"href":"https:\/\/www.diacomdiamondtools.com\/de\/wp-json\/wp\/v2\/types\/page"}],"author":[{"embeddable":true,"href":"https:\/\/www.diacomdiamondtools.com\/de\/wp-json\/wp\/v2\/users\/1"}],"replies":[{"embeddable":true,"href":"https:\/\/www.diacomdiamondtools.com\/de\/wp-json\/wp\/v2\/comments?post=7"}],"version-history":[{"count":12,"href":"https:\/\/www.diacomdiamondtools.com\/de\/wp-json\/wp\/v2\/pages\/7\/revisions"}],"predecessor-version":[{"id":1969,"href":"https:\/\/www.diacomdiamondtools.com\/de\/wp-json\/wp\/v2\/pages\/7\/revisions\/1969"}],"wp:attachment":[{"href":"https:\/\/www.diacomdiamondtools.com\/de\/wp-json\/wp\/v2\/media?parent=7"}],"curies":[{"name":"wp","href":"https:\/\/api.w.org\/{rel}","templated":true}]}}